{"id":192,"date":"2014-07-21T22:04:54","date_gmt":"2014-07-21T22:04:54","guid":{"rendered":"https:\/\/modernthemes.net\/demo\/fitcoach\/?page_id=2"},"modified":"2020-01-18T16:42:02","modified_gmt":"2020-01-18T16:42:02","slug":"sample-page-2","status":"publish","type":"page","link":"https:\/\/kayakgym.lt\/?page_id=192","title":{"rendered":"V\u0160\u012e &#8220;SPORTO KLUBAS KAYAK GYM&#8221;"},"content":{"rendered":"<p>V\u0161\u012e &#8220;SPORTO KLUBAS KAYAK GYM&#8221; (toliau tekste &#8211; &#8220;\u012fstaiga&#8221;) &#8211; tai pagal Lietuvos Respublikos Vie\u0161\u0173j\u0173 \u012fstaig\u0173 \u012fstatym\u0105 ir kitus \u012fstatymus \u012fsteigtas pelno nesiekiantis rebotos civilin\u0117s atsakomyb\u0117s vie\u0161asis juridinis asmuo, kurio tikslas &#8211; tenkinti vie\u0161uosius interesus vykdant visuomenei nauding\u0105 veikl\u0105.<\/p>\n<p><img loading=\"lazy\" decoding=\"async\" class=\"wp-image-279 aligncenter\" src=\"http:\/\/kayakgym.lt\/wp-content\/uploads\/2020\/01\/kwygl-1-300x77.png\" alt=\"\" width=\"588\" height=\"151\" srcset=\"https:\/\/kayakgym.lt\/wp-content\/uploads\/2020\/01\/kwygl-1-300x77.png 300w, https:\/\/kayakgym.lt\/wp-content\/uploads\/2020\/01\/kwygl-1-1024x263.png 1024w, https:\/\/kayakgym.lt\/wp-content\/uploads\/2020\/01\/kwygl-1-768x197.png 768w, https:\/\/kayakgym.lt\/wp-content\/uploads\/2020\/01\/kwygl-1.png 1051w\" sizes=\"auto, (max-width: 588px) 100vw, 588px\" \/><\/p>\n","protected":false},"excerpt":{"rendered":"<p>V\u0161\u012e &#8220;SPORTO KLUBAS KAYAK GYM&#8221; (toliau tekste &#8211; &#8220;\u012fstaiga&#8221;) &#8211; tai pagal Lietuvos Respublikos Vie\u0161\u0173j\u0173 \u012fstaig\u0173 \u012fstatym\u0105 ir kitus \u012fstatymus \u012fsteigtas pelno nesiekiantis rebotos civilin\u0117s atsakomyb\u0117s vie\u0161asis juridinis asmuo, kurio [&hellip;]<\/p>\n","protected":false},"author":1,"featured_media":0,"parent":0,"menu_order":0,"comment_status":"closed","ping_status":"open","template":"","meta":{"_acf_changed":false,"ngg_post_thumbnail":0,"footnotes":""},"class_list":["post-192","page","type-page","status-publish","hentry"],"acf":[],"yoast_head":"<!-- This site is optimized with the Yoast SEO plugin v26.4 - https:\/\/yoast.com\/wordpress\/plugins\/seo\/ -->\n<title>V\u0160\u012e &quot;SPORTO KLUBAS KAYAK GYM&quot; - Kayak Gym<\/title>\n<meta name=\"robots\" content=\"index, follow, max-snippet:-1, max-image-preview:large, max-video-preview:-1\" \/>\n<link rel=\"canonical\" href=\"https:\/\/kayakgym.lt\/?page_id=192\" \/>\n<meta property=\"og:locale\" content=\"en_US\" \/>\n<meta property=\"og:type\" content=\"article\" \/>\n<meta property=\"og:title\" content=\"V\u0160\u012e &quot;SPORTO KLUBAS KAYAK GYM&quot; - Kayak Gym\" \/>\n<meta property=\"og:description\" content=\"V\u0161\u012e &#8220;SPORTO KLUBAS KAYAK GYM&#8221; (toliau tekste &#8211; &#8220;\u012fstaiga&#8221;) &#8211; tai pagal Lietuvos Respublikos Vie\u0161\u0173j\u0173 \u012fstaig\u0173 \u012fstatym\u0105 ir kitus \u012fstatymus \u012fsteigtas pelno nesiekiantis rebotos civilin\u0117s atsakomyb\u0117s vie\u0161asis juridinis asmuo, kurio [&hellip;]\" \/>\n<meta property=\"og:url\" content=\"https:\/\/kayakgym.lt\/?page_id=192\" \/>\n<meta property=\"og:site_name\" content=\"Kayak Gym\" \/>\n<meta property=\"article:modified_time\" content=\"2020-01-18T16:42:02+00:00\" \/>\n<meta property=\"og:image\" content=\"http:\/\/kayakgym.lt\/wp-content\/uploads\/2020\/01\/kwygl-1-300x77.png\" \/>\n<meta name=\"twitter:card\" content=\"summary_large_image\" \/>\n<script type=\"application\/ld+json\" class=\"yoast-schema-graph\">{\"@context\":\"https:\/\/schema.org\",\"@graph\":[{\"@type\":\"WebPage\",\"@id\":\"https:\/\/kayakgym.lt\/?page_id=192\",\"url\":\"https:\/\/kayakgym.lt\/?page_id=192\",\"name\":\"V\u0160\u012e \\\"SPORTO KLUBAS KAYAK GYM\\\" - Kayak Gym\",\"isPartOf\":{\"@id\":\"https:\/\/kayakgym.lt\/#website\"},\"primaryImageOfPage\":{\"@id\":\"https:\/\/kayakgym.lt\/?page_id=192#primaryimage\"},\"image\":{\"@id\":\"https:\/\/kayakgym.lt\/?page_id=192#primaryimage\"},\"thumbnailUrl\":\"http:\/\/kayakgym.lt\/wp-content\/uploads\/2020\/01\/kwygl-1-300x77.png\",\"datePublished\":\"2014-07-21T22:04:54+00:00\",\"dateModified\":\"2020-01-18T16:42:02+00:00\",\"breadcrumb\":{\"@id\":\"https:\/\/kayakgym.lt\/?page_id=192#breadcrumb\"},\"inLanguage\":\"en-US\",\"potentialAction\":[{\"@type\":\"ReadAction\",\"target\":[\"https:\/\/kayakgym.lt\/?page_id=192\"]}]},{\"@type\":\"ImageObject\",\"inLanguage\":\"en-US\",\"@id\":\"https:\/\/kayakgym.lt\/?page_id=192#primaryimage\",\"url\":\"https:\/\/kayakgym.lt\/wp-content\/uploads\/2020\/01\/kwygl-1.png\",\"contentUrl\":\"https:\/\/kayakgym.lt\/wp-content\/uploads\/2020\/01\/kwygl-1.png\",\"width\":1051,\"height\":270},{\"@type\":\"BreadcrumbList\",\"@id\":\"https:\/\/kayakgym.lt\/?page_id=192#breadcrumb\",\"itemListElement\":[{\"@type\":\"ListItem\",\"position\":1,\"name\":\"Home\",\"item\":\"https:\/\/kayakgym.lt\/\"},{\"@type\":\"ListItem\",\"position\":2,\"name\":\"V\u0160\u012e &#8220;SPORTO KLUBAS KAYAK GYM&#8221;\"}]},{\"@type\":\"WebSite\",\"@id\":\"https:\/\/kayakgym.lt\/#website\",\"url\":\"https:\/\/kayakgym.lt\/\",\"name\":\"Kayak Gym\",\"description\":\"\",\"potentialAction\":[{\"@type\":\"SearchAction\",\"target\":{\"@type\":\"EntryPoint\",\"urlTemplate\":\"https:\/\/kayakgym.lt\/?s={search_term_string}\"},\"query-input\":{\"@type\":\"PropertyValueSpecification\",\"valueRequired\":true,\"valueName\":\"search_term_string\"}}],\"inLanguage\":\"en-US\"}]}<\/script>\n<!-- \/ Yoast SEO plugin. -->","yoast_head_json":{"title":"V\u0160\u012e \"SPORTO KLUBAS KAYAK GYM\" - Kayak Gym","robots":{"index":"index","follow":"follow","max-snippet":"max-snippet:-1","max-image-preview":"max-image-preview:large","max-video-preview":"max-video-preview:-1"},"canonical":"https:\/\/kayakgym.lt\/?page_id=192","og_locale":"en_US","og_type":"article","og_title":"V\u0160\u012e \"SPORTO KLUBAS KAYAK GYM\" - Kayak Gym","og_description":"V\u0161\u012e &#8220;SPORTO KLUBAS KAYAK GYM&#8221; (toliau tekste &#8211; &#8220;\u012fstaiga&#8221;) &#8211; tai pagal Lietuvos Respublikos Vie\u0161\u0173j\u0173 \u012fstaig\u0173 \u012fstatym\u0105 ir kitus \u012fstatymus \u012fsteigtas pelno nesiekiantis rebotos civilin\u0117s atsakomyb\u0117s vie\u0161asis juridinis asmuo, kurio [&hellip;]","og_url":"https:\/\/kayakgym.lt\/?page_id=192","og_site_name":"Kayak Gym","article_modified_time":"2020-01-18T16:42:02+00:00","og_image":[{"url":"http:\/\/kayakgym.lt\/wp-content\/uploads\/2020\/01\/kwygl-1-300x77.png","type":"","width":"","height":""}],"twitter_card":"summary_large_image","schema":{"@context":"https:\/\/schema.org","@graph":[{"@type":"WebPage","@id":"https:\/\/kayakgym.lt\/?page_id=192","url":"https:\/\/kayakgym.lt\/?page_id=192","name":"V\u0160\u012e \"SPORTO KLUBAS KAYAK GYM\" - Kayak Gym","isPartOf":{"@id":"https:\/\/kayakgym.lt\/#website"},"primaryImageOfPage":{"@id":"https:\/\/kayakgym.lt\/?page_id=192#primaryimage"},"image":{"@id":"https:\/\/kayakgym.lt\/?page_id=192#primaryimage"},"thumbnailUrl":"http:\/\/kayakgym.lt\/wp-content\/uploads\/2020\/01\/kwygl-1-300x77.png","datePublished":"2014-07-21T22:04:54+00:00","dateModified":"2020-01-18T16:42:02+00:00","breadcrumb":{"@id":"https:\/\/kayakgym.lt\/?page_id=192#breadcrumb"},"inLanguage":"en-US","potentialAction":[{"@type":"ReadAction","target":["https:\/\/kayakgym.lt\/?page_id=192"]}]},{"@type":"ImageObject","inLanguage":"en-US","@id":"https:\/\/kayakgym.lt\/?page_id=192#primaryimage","url":"https:\/\/kayakgym.lt\/wp-content\/uploads\/2020\/01\/kwygl-1.png","contentUrl":"https:\/\/kayakgym.lt\/wp-content\/uploads\/2020\/01\/kwygl-1.png","width":1051,"height":270},{"@type":"BreadcrumbList","@id":"https:\/\/kayakgym.lt\/?page_id=192#breadcrumb","itemListElement":[{"@type":"ListItem","position":1,"name":"Home","item":"https:\/\/kayakgym.lt\/"},{"@type":"ListItem","position":2,"name":"V\u0160\u012e &#8220;SPORTO KLUBAS KAYAK GYM&#8221;"}]},{"@type":"WebSite","@id":"https:\/\/kayakgym.lt\/#website","url":"https:\/\/kayakgym.lt\/","name":"Kayak Gym","description":"","potentialAction":[{"@type":"SearchAction","target":{"@type":"EntryPoint","urlTemplate":"https:\/\/kayakgym.lt\/?s={search_term_string}"},"query-input":{"@type":"PropertyValueSpecification","valueRequired":true,"valueName":"search_term_string"}}],"inLanguage":"en-US"}]}},"_links":{"self":[{"href":"https:\/\/kayakgym.lt\/index.php?rest_route=\/wp\/v2\/pages\/192","targetHints":{"allow":["GET"]}}],"collection":[{"href":"https:\/\/kayakgym.lt\/index.php?rest_route=\/wp\/v2\/pages"}],"about":[{"href":"https:\/\/kayakgym.lt\/index.php?rest_route=\/wp\/v2\/types\/page"}],"author":[{"embeddable":true,"href":"https:\/\/kayakgym.lt\/index.php?rest_route=\/wp\/v2\/users\/1"}],"replies":[{"embeddable":true,"href":"https:\/\/kayakgym.lt\/index.php?rest_route=%2Fwp%2Fv2%2Fcomments&post=192"}],"version-history":[{"count":3,"href":"https:\/\/kayakgym.lt\/index.php?rest_route=\/wp\/v2\/pages\/192\/revisions"}],"predecessor-version":[{"id":312,"href":"https:\/\/kayakgym.lt\/index.php?rest_route=\/wp\/v2\/pages\/192\/revisions\/312"}],"wp:attachment":[{"href":"https:\/\/kayakgym.lt\/index.php?rest_route=%2Fwp%2Fv2%2Fmedia&parent=192"}],"curies":[{"name":"wp","href":"https:\/\/api.w.org\/{rel}","templated":true}]}}